{"id":800,"date":"2011-12-21T14:27:55","date_gmt":"2011-12-21T13:27:55","guid":{"rendered":"http:\/\/retinaok.wordpress.com\/?page_id=800"},"modified":"2023-06-07T17:19:56","modified_gmt":"2023-06-07T17:19:56","slug":"beperkingen-vanwege-de-privacy","status":"publish","type":"page","link":"https:\/\/retinaok.com\/ede\/beperkingen-vanwege-de-privacy\/","title":{"rendered":"Beperkingen vanwege de privacy"},"content":{"rendered":"<div style=\"margin-left: 10%; margin-right: 5%;\">\n<div style=\"margin-left: 10%; margin-right: 5%;\">\n<ol>\n<li>Alle gegevens die u verstuurt via deze site worden automatisch via een mailsubmission automatisch beveiligd, versleuteld en via Zivver verstuurd,u heeft hiervoor zelf geen account nodig.<\/li>\n<li>U kunt ook een beveiligde e-mail met bijlagen versturen via Zivver naar <a href=\"mailto:utrecht@retina-oc.nl\" target=\"_blank\" rel=\"noopener noreferrer\">ede@retina-oc.nl<\/a>. U kunt daarvoor een gratis account aanmaken bij <a href=\"http:\/\/zivver.eu\/\" target=\"_blank\" rel=\"noopener noreferrer\">zivver.eu<\/a>.<\/li>\n<\/ol>\n<ul>\n<li><strong>Terugrapportage na verwijzing vindt in principe per post plaats.<\/strong><\/li>\n<li><strong>Het verzenden van bijlagen zoals OCT\u2019s via de site is niet mogelijk.<\/strong>\u00a0U kunt\u00a0<strong>of<\/strong> de bijlagen meegegeven aan de pati\u00ebnt,\u00a0<strong>of<\/strong> per post versturen,\u00a0<strong>of<\/strong> anonimiseren en via de mail\u00a0(zie\u00a0<a href=\"https:\/\/retinaok.com\/faq\/oct-meesturen\/\" target=\"_blank\" rel=\"noopener noreferrer\">OCT\u2019s e.d. meesturen<\/a>),\u00a0<strong>of<\/strong> beveiligd via Zivver naar\u00a0<a href=\"mailto:utrecht@retina-oc.nl\" target=\"_blank\" rel=\"noopener noreferrer\">ede@retina-oc.nl<\/a>.U kunt daarvoor een gratis account aanmaken bij <a href=\"http:\/\/zivver.eu\/\" target=\"_blank\" rel=\"noopener noreferrer\">zivver.eu<\/a>.<\/li>\n<li><strong>Verwijzen of communiceren via emails die naar personen herleidbare gegevens bevatten wordt ontraden.<\/strong><\/li>\n<\/ul>\n<p>Via deze site ontvangen en verzonden gegevens worden in een beschermde mailbox bewaard. De gegevens zijn alleen voor ons herleidbaar tot individuele pati\u00ebnten nadat een pati\u00ebnt zich op onze polikliniek heeft gemeld. De gegevens worden in het EPD van de pati\u00ebnt opgenomen en worden niet voor andere doeleinden gebruikt.<\/p>\n<\/div>\n<\/div>\n","protected":false},"excerpt":{"rendered":"<p>Alle gegevens die u verstuurt via deze site worden automatisch via een mailsubmission automatisch beveiligd, versleuteld en via Zivver verstuurd,u heeft hiervoor zelf geen account nodig. U kunt ook een beveiligde e-mail met bijlagen versturen via Zivver naar ede@retina-oc.nl. U kunt daarvoor een gratis account aanmaken bij zivver.eu. Terugrapportage na verwijzing vindt in principe per [&hellip;]<\/p>\n","protected":false},"author":1,"featured_media":0,"parent":0,"menu_order":0,"comment_status":"closed","ping_status":"closed","template":"","meta":{"footnotes":""},"class_list":["post-800","page","type-page","status-publish","hentry"],"yoast_head":"<!-- This site is optimized with the Yoast SEO plugin v27.4 - https:\/\/yoast.com\/product\/yoast-seo-wordpress\/ -->\n<title>Beperkingen vanwege de privacy - RetinaOK Ede<\/title>\n<meta name=\"robots\" content=\"index, follow, max-snippet:-1, max-image-preview:large, max-video-preview:-1\" \/>\n<link rel=\"canonical\" href=\"https:\/\/retinaok.com\/ede\/beperkingen-vanwege-de-privacy\/\" \/>\n<meta property=\"og:locale\" content=\"nl_NL\" \/>\n<meta property=\"og:type\" content=\"article\" \/>\n<meta property=\"og:title\" content=\"Beperkingen vanwege de privacy - RetinaOK Ede\" \/>\n<meta property=\"og:description\" content=\"Alle gegevens die u verstuurt via deze site worden automatisch via een mailsubmission automatisch beveiligd, versleuteld en via Zivver verstuurd,u heeft hiervoor zelf geen account nodig. U kunt ook een beveiligde e-mail met bijlagen versturen via Zivver naar ede@retina-oc.nl. U kunt daarvoor een gratis account aanmaken bij zivver.eu. Terugrapportage na verwijzing vindt in principe per [&hellip;]\" \/>\n<meta property=\"og:url\" content=\"https:\/\/retinaok.com\/ede\/beperkingen-vanwege-de-privacy\/\" \/>\n<meta property=\"og:site_name\" content=\"RetinaOK Ede\" \/>\n<meta property=\"article:modified_time\" content=\"2023-06-07T17:19:56+00:00\" \/>\n<meta name=\"twitter:card\" content=\"summary_large_image\" \/>\n<meta name=\"twitter:label1\" content=\"Geschatte leestijd\" \/>\n\t<meta name=\"twitter:data1\" content=\"1 minuut\" \/>\n<script type=\"application\/ld+json\" class=\"yoast-schema-graph\">{\"@context\":\"https:\\\/\\\/schema.org\",\"@graph\":[{\"@type\":\"WebPage\",\"@id\":\"https:\\\/\\\/retinaok.com\\\/ede\\\/beperkingen-vanwege-de-privacy\\\/\",\"url\":\"https:\\\/\\\/retinaok.com\\\/ede\\\/beperkingen-vanwege-de-privacy\\\/\",\"name\":\"Beperkingen vanwege de privacy - RetinaOK Ede\",\"isPartOf\":{\"@id\":\"https:\\\/\\\/retinaok.com\\\/ede\\\/#website\"},\"datePublished\":\"2011-12-21T13:27:55+00:00\",\"dateModified\":\"2023-06-07T17:19:56+00:00\",\"breadcrumb\":{\"@id\":\"https:\\\/\\\/retinaok.com\\\/ede\\\/beperkingen-vanwege-de-privacy\\\/#breadcrumb\"},\"inLanguage\":\"nl-NL\",\"potentialAction\":[{\"@type\":\"ReadAction\",\"target\":[\"https:\\\/\\\/retinaok.com\\\/ede\\\/beperkingen-vanwege-de-privacy\\\/\"]}]},{\"@type\":\"BreadcrumbList\",\"@id\":\"https:\\\/\\\/retinaok.com\\\/ede\\\/beperkingen-vanwege-de-privacy\\\/#breadcrumb\",\"itemListElement\":[{\"@type\":\"ListItem\",\"position\":1,\"name\":\"Home\",\"item\":\"https:\\\/\\\/retinaok.com\\\/ede\\\/\"},{\"@type\":\"ListItem\",\"position\":2,\"name\":\"Beperkingen vanwege de privacy\"}]},{\"@type\":\"WebSite\",\"@id\":\"https:\\\/\\\/retinaok.com\\\/ede\\\/#website\",\"url\":\"https:\\\/\\\/retinaok.com\\\/ede\\\/\",\"name\":\"RetinaOK Ede\",\"description\":\"\",\"potentialAction\":[{\"@type\":\"SearchAction\",\"target\":{\"@type\":\"EntryPoint\",\"urlTemplate\":\"https:\\\/\\\/retinaok.com\\\/ede\\\/?s={search_term_string}\"},\"query-input\":{\"@type\":\"PropertyValueSpecification\",\"valueRequired\":true,\"valueName\":\"search_term_string\"}}],\"inLanguage\":\"nl-NL\"}]}<\/script>\n<!-- \/ Yoast SEO plugin. -->","yoast_head_json":{"title":"Beperkingen vanwege de privacy - RetinaOK Ede","robots":{"index":"index","follow":"follow","max-snippet":"max-snippet:-1","max-image-preview":"max-image-preview:large","max-video-preview":"max-video-preview:-1"},"canonical":"https:\/\/retinaok.com\/ede\/beperkingen-vanwege-de-privacy\/","og_locale":"nl_NL","og_type":"article","og_title":"Beperkingen vanwege de privacy - RetinaOK Ede","og_description":"Alle gegevens die u verstuurt via deze site worden automatisch via een mailsubmission automatisch beveiligd, versleuteld en via Zivver verstuurd,u heeft hiervoor zelf geen account nodig. U kunt ook een beveiligde e-mail met bijlagen versturen via Zivver naar ede@retina-oc.nl. U kunt daarvoor een gratis account aanmaken bij zivver.eu. Terugrapportage na verwijzing vindt in principe per [&hellip;]","og_url":"https:\/\/retinaok.com\/ede\/beperkingen-vanwege-de-privacy\/","og_site_name":"RetinaOK Ede","article_modified_time":"2023-06-07T17:19:56+00:00","twitter_card":"summary_large_image","twitter_misc":{"Geschatte leestijd":"1 minuut"},"schema":{"@context":"https:\/\/schema.org","@graph":[{"@type":"WebPage","@id":"https:\/\/retinaok.com\/ede\/beperkingen-vanwege-de-privacy\/","url":"https:\/\/retinaok.com\/ede\/beperkingen-vanwege-de-privacy\/","name":"Beperkingen vanwege de privacy - RetinaOK Ede","isPartOf":{"@id":"https:\/\/retinaok.com\/ede\/#website"},"datePublished":"2011-12-21T13:27:55+00:00","dateModified":"2023-06-07T17:19:56+00:00","breadcrumb":{"@id":"https:\/\/retinaok.com\/ede\/beperkingen-vanwege-de-privacy\/#breadcrumb"},"inLanguage":"nl-NL","potentialAction":[{"@type":"ReadAction","target":["https:\/\/retinaok.com\/ede\/beperkingen-vanwege-de-privacy\/"]}]},{"@type":"BreadcrumbList","@id":"https:\/\/retinaok.com\/ede\/beperkingen-vanwege-de-privacy\/#breadcrumb","itemListElement":[{"@type":"ListItem","position":1,"name":"Home","item":"https:\/\/retinaok.com\/ede\/"},{"@type":"ListItem","position":2,"name":"Beperkingen vanwege de privacy"}]},{"@type":"WebSite","@id":"https:\/\/retinaok.com\/ede\/#website","url":"https:\/\/retinaok.com\/ede\/","name":"RetinaOK Ede","description":"","potentialAction":[{"@type":"SearchAction","target":{"@type":"EntryPoint","urlTemplate":"https:\/\/retinaok.com\/ede\/?s={search_term_string}"},"query-input":{"@type":"PropertyValueSpecification","valueRequired":true,"valueName":"search_term_string"}}],"inLanguage":"nl-NL"}]}},"_links":{"self":[{"href":"https:\/\/retinaok.com\/ede\/wp-json\/wp\/v2\/pages\/800","targetHints":{"allow":["GET"]}}],"collection":[{"href":"https:\/\/retinaok.com\/ede\/wp-json\/wp\/v2\/pages"}],"about":[{"href":"https:\/\/retinaok.com\/ede\/wp-json\/wp\/v2\/types\/page"}],"author":[{"embeddable":true,"href":"https:\/\/retinaok.com\/ede\/wp-json\/wp\/v2\/users\/1"}],"replies":[{"embeddable":true,"href":"https:\/\/retinaok.com\/ede\/wp-json\/wp\/v2\/comments?post=800"}],"version-history":[{"count":6,"href":"https:\/\/retinaok.com\/ede\/wp-json\/wp\/v2\/pages\/800\/revisions"}],"predecessor-version":[{"id":4220,"href":"https:\/\/retinaok.com\/ede\/wp-json\/wp\/v2\/pages\/800\/revisions\/4220"}],"wp:attachment":[{"href":"https:\/\/retinaok.com\/ede\/wp-json\/wp\/v2\/media?parent=800"}],"curies":[{"name":"wp","href":"https:\/\/api.w.org\/{rel}","templated":true}]}}